{"id":2180,"date":"2019-09-08T05:52:40","date_gmt":"2019-09-08T05:52:40","guid":{"rendered":"http:\/\/wyzdev.net\/inassa\/?page_id=2180"},"modified":"2023-05-25T15:57:05","modified_gmt":"2023-05-25T15:57:05","slug":"about","status":"publish","type":"page","link":"https:\/\/nassagroup.com\/inassa\/about\/","title":{"rendered":"A propos"},"content":{"rendered":"\t\t<div data-elementor-type=\"wp-page\" data-elementor-id=\"2180\" class=\"elementor elementor-2180\" data-elementor-settings=\"[]\">\n\t\t\t\t\t\t<div class=\"elementor-inner\">\n\t\t\t\t\t\t\t<div class=\"elementor-section-wrap\">\n\t\t\t\t\t\t\t<section class=\"elementor-section elementor-top-section elementor-element elementor-element-7f1864b elementor-section-boxed elementor-section-height-default elementor-section-height-default\" data-id=\"7f1864b\" data-element_type=\"section\">\n\t\t\t\t\t\t<div class=\"elementor-container elementor-column-gap-default\">\n\t\t\t\t\t\t\t<div class=\"elementor-row\">\n\t\t\t\t\t<div class=\"elementor-column elementor-col-100 elementor-top-column elementor-element elementor-element-0565d03\" data-id=\"0565d03\" data-element_type=\"column\">\n\t\t\t<div class=\"elementor-column-wrap elementor-element-populated\">\n\t\t\t\t\t\t\t<div class=\"elementor-widget-wrap\">\n\t\t\t\t\t\t<div class=\"elementor-element elementor-element-8050cc1 elementor-widget elementor-widget-elementskit-heading\" data-id=\"8050cc1\" data-element_type=\"widget\" data-widget_type=\"elementskit-heading.default\">\n\t\t\t\t<div class=\"elementor-widget-container\">\n\t\t\t<div class=\"ekit-wid-con\" ><div class=\"ekit-heading elementskit-section-title-wraper text_center   ekit_heading_tablet-   ekit_heading_mobile-\"><h2 class=\"ekit-heading--title elementskit-section-title \">Depuis plus de 40 ans, la INASSA vous prot\u00e8ge, vous, votre famille, votre entreprise<\/h2><div class=\"ekit_heading_separetor_wraper ekit_heading_elementskit-border-divider elementskit-style-long\"><div class=\"elementskit-border-divider elementskit-style-long\"><\/div><\/div><\/div><\/div>\t\t<\/div>\n\t\t\t\t<\/div>\n\t\t\t\t\t\t<\/div>\n\t\t\t\t\t<\/div>\n\t\t<\/div>\n\t\t\t\t\t\t\t\t<\/div>\n\t\t\t\t\t<\/div>\n\t\t<\/section>\n\t\t\t\t<section class=\"elementor-section elementor-top-section elementor-element elementor-element-bb7cf30 elementor-section-boxed elementor-section-height-default elementor-section-height-default\" data-id=\"bb7cf30\" data-element_type=\"section\">\n\t\t\t\t\t\t<div class=\"elementor-container elementor-column-gap-default\">\n\t\t\t\t\t\t\t<div class=\"elementor-row\">\n\t\t\t\t\t<div class=\"elementor-column elementor-col-100 elementor-top-column elementor-element elementor-element-23be13b\" data-id=\"23be13b\" data-element_type=\"column\">\n\t\t\t<div class=\"elementor-column-wrap elementor-element-populated\">\n\t\t\t\t\t\t\t<div class=\"elementor-widget-wrap\">\n\t\t\t\t\t\t<div class=\"elementor-element elementor-element-e3b8d2f elementor-widget elementor-widget-image\" data-id=\"e3b8d2f\" data-element_type=\"widget\" data-widget_type=\"image.default\">\n\t\t\t\t<div class=\"elementor-widget-container\">\n\t\t\t\t\t\t\t\t<div class=\"elementor-image\">\n\t\t\t\t\t\t\t\t\t\t\t\t<img loading=\"lazy\" decoding=\"async\" width=\"820\" height=\"312\" src=\"https:\/\/nassagroup.com\/inassa\/wp-content\/uploads\/2021\/12\/NASSA-FB-COVER-2019.png\" class=\"attachment-full size-full\" alt=\"\" srcset=\"https:\/\/nassagroup.com\/inassa\/wp-content\/uploads\/2021\/12\/NASSA-FB-COVER-2019.png 820w, https:\/\/nassagroup.com\/inassa\/wp-content\/uploads\/2021\/12\/NASSA-FB-COVER-2019-300x114.png 300w, https:\/\/nassagroup.com\/inassa\/wp-content\/uploads\/2021\/12\/NASSA-FB-COVER-2019-768x292.png 768w\" sizes=\"auto, (max-width: 820px) 100vw, 820px\" \/>\t\t\t\t\t\t\t\t\t\t\t\t\t\t<\/div>\n\t\t\t\t\t\t<\/div>\n\t\t\t\t<\/div>\n\t\t\t\t\t\t<\/div>\n\t\t\t\t\t<\/div>\n\t\t<\/div>\n\t\t\t\t\t\t\t\t<\/div>\n\t\t\t\t\t<\/div>\n\t\t<\/section>\n\t\t\t\t<section class=\"elementor-section elementor-top-section elementor-element elementor-element-6c8896b elementor-section-boxed elementor-section-height-default elementor-section-height-default\" data-id=\"6c8896b\" data-element_type=\"section\">\n\t\t\t\t\t\t<div class=\"elementor-container elementor-column-gap-default\">\n\t\t\t\t\t\t\t<div class=\"elementor-row\">\n\t\t\t\t\t<div class=\"elementor-column elementor-col-100 elementor-top-column elementor-element elementor-element-7172921\" data-id=\"7172921\" data-element_type=\"column\">\n\t\t\t<div class=\"elementor-column-wrap elementor-element-populated\">\n\t\t\t\t\t\t\t<div class=\"elementor-widget-wrap\">\n\t\t\t\t\t\t<div class=\"elementor-element elementor-element-c942cdb elementor-widget elementor-widget-text-editor\" data-id=\"c942cdb\" data-element_type=\"widget\" data-widget_type=\"text-editor.default\">\n\t\t\t\t<div class=\"elementor-widget-container\">\n\t\t\t\t\t\t\t\t<div class=\"elementor-text-editor elementor-clearfix\">\n\t\t\t\t<p>NASSAGROUP, constitu\u00e9 de deux branches distinctes : NASSA (Nationale d\u2019Assurance S.A) qui assure les biens et INASSA (Internationale Assurance S.A) qui assure les personnes, a vu le jour au d\u00e9but des ann\u00e9es 90, sous l\u2019impulsion d\u2019un groupe de professionnels, dont Raoul M\u00e9rov\u00e9-Pierre, Fritz Dupuy et Patrick Vorbe.<\/p><p>C\u2019est apr\u00e8s la d\u00e9cision de la plupart des compagnies d\u2019assurance \u00e9trang\u00e8res qui op\u00e9raient sur le territoire de plier bagages vers la fin des ann\u00e9es 80 que le groupe reprend leur portefeuille et se r\u00e9assure avec l\u2019une d\u2019entre elles, la tr\u00e8s prestigieuse CIGNA.<\/p><p>L\u2019exp\u00e9rience apport\u00e9e par cette association, la premi\u00e8re du genre \u00e0 l\u2019\u00e9poque, a fait de NASSAGROUP, la plus importante soci\u00e9t\u00e9 de la place qui continue d\u2019apporter \u00e0 ses assur\u00e9s une garantie morale et financi\u00e8re . Et gr\u00e2ce aux accords pass\u00e9s avec d\u2019autres partenaires internationaux, \u00e0 savoir : SwissRe, HannoverRe, Amedex\/Bupa, IHI\/Bupa, Quality Health Management, la compagnie devient une pionni\u00e8re de l\u2019assurance ha\u00eftienne.<\/p><p>Aujourd\u2019hui, le groupe reste une r\u00e9f\u00e9rence unique dans la communaut\u00e9 ha\u00eftienne. Sa solidit\u00e9 financi\u00e8re, son honn\u00eatet\u00e9, son professionnalisme, sa capacit\u00e9 \u00e0 respecter ses engagements, ont fait de lui le leader du march\u00e9 des assurances en Ha\u00efti.<\/p>\t\t\t\t\t<\/div>\n\t\t\t\t\t\t<\/div>\n\t\t\t\t<\/div>\n\t\t\t\t\t\t<\/div>\n\t\t\t\t\t<\/div>\n\t\t<\/div>\n\t\t\t\t\t\t\t\t<\/div>\n\t\t\t\t\t<\/div>\n\t\t<\/section>\n\t\t\t\t<section class=\"elementor-section elementor-top-section elementor-element elementor-element-32c3e30 elementor-section-boxed elementor-section-height-default elementor-section-height-default\" data-id=\"32c3e30\" data-element_type=\"section\">\n\t\t\t\t\t\t<div class=\"elementor-container elementor-column-gap-default\">\n\t\t\t\t\t\t\t<div class=\"elementor-row\">\n\t\t\t\t\t<div class=\"elementor-column elementor-col-100 elementor-top-column elementor-element elementor-element-09b93c8\" data-id=\"09b93c8\" data-element_type=\"column\">\n\t\t\t<div class=\"elementor-column-wrap elementor-element-populated\">\n\t\t\t\t\t\t\t<div class=\"elementor-widget-wrap\">\n\t\t\t\t\t\t<div class=\"elementor-element elementor-element-cec6a9e elementor-widget elementor-widget-spacer\" data-id=\"cec6a9e\" data-element_type=\"widget\" data-widget_type=\"spacer.default\">\n\t\t\t\t<div class=\"elementor-widget-container\">\n\t\t\t\t\t<div class=\"elementor-spacer\">\n\t\t\t<div class=\"elementor-spacer-inner\"><\/div>\n\t\t<\/div>\n\t\t\t\t<\/div>\n\t\t\t\t<\/div>\n\t\t\t\t\t\t<\/div>\n\t\t\t\t\t<\/div>\n\t\t<\/div>\n\t\t\t\t\t\t\t\t<\/div>\n\t\t\t\t\t<\/div>\n\t\t<\/section>\n\t\t\t\t\t\t<\/div>\n\t\t\t\t\t\t<\/div>\n\t\t\t\t\t<\/div>\n\t\t","protected":false},"excerpt":{"rendered":"<p>Depuis plus de 40 ans, la INASSA vous prot\u00e8ge, vous, votre famille, votre entreprise NASSAGROUP, constitu\u00e9 de deux branches distinctes : NASSA (Nationale d\u2019Assurance S.A) qui assure les biens et INASSA (Internationale Assurance S.A) qui assure les personnes, a vu le jour au d\u00e9but des ann\u00e9es 90, sous l\u2019impulsion d\u2019un groupe de professionnels, dont Raoul [&hellip;]<\/p>\n","protected":false},"author":1,"featured_media":0,"parent":0,"menu_order":0,"comment_status":"closed","ping_status":"closed","template":"elementor_header_footer","meta":{"footnotes":""},"class_list":["post-2180","page","type-page","status-publish","hentry"],"_links":{"self":[{"href":"https:\/\/nassagroup.com\/inassa\/wp-json\/wp\/v2\/pages\/2180","targetHints":{"allow":["GET"]}}],"collection":[{"href":"https:\/\/nassagroup.com\/inassa\/wp-json\/wp\/v2\/pages"}],"about":[{"href":"https:\/\/nassagroup.com\/inassa\/wp-json\/wp\/v2\/types\/page"}],"author":[{"embeddable":true,"href":"https:\/\/nassagroup.com\/inassa\/wp-json\/wp\/v2\/users\/1"}],"replies":[{"embeddable":true,"href":"https:\/\/nassagroup.com\/inassa\/wp-json\/wp\/v2\/comments?post=2180"}],"version-history":[{"count":77,"href":"https:\/\/nassagroup.com\/inassa\/wp-json\/wp\/v2\/pages\/2180\/revisions"}],"predecessor-version":[{"id":6172,"href":"https:\/\/nassagroup.com\/inassa\/wp-json\/wp\/v2\/pages\/2180\/revisions\/6172"}],"wp:attachment":[{"href":"https:\/\/nassagroup.com\/inassa\/wp-json\/wp\/v2\/media?parent=2180"}],"curies":[{"name":"wp","href":"https:\/\/api.w.org\/{rel}","templated":true}]}}